{"id":77,"date":"2014-01-20T16:40:20","date_gmt":"2014-01-20T14:40:20","guid":{"rendered":"http:\/\/kitalina.bplaced.net\/wordpress\/?page_id=77"},"modified":"2025-02-10T14:23:09","modified_gmt":"2025-02-10T14:23:09","slug":"konzept-2","status":"publish","type":"page","link":"http:\/\/www.kitalina.ch\/","title":{"rendered":"Thun"},"content":{"rendered":"<p>Unser Standort in Thun befindet sich im ruhigen Sch\u00f6nauquartier in unmittelbarer N\u00e4he der Sch\u00f6nau Schule Thun. Wir befinden uns in einem Reihenhaus mit grossem Garten. T\u00e4glich von 6.45 &#8211; 18.30 Uhr betreuen wir 24 Kinder im Alter von drei Monaten bis sieben Jahren.<\/p>\n<p><strong>F\u00f6rderung fr\u00fche Kindheit<\/strong><\/p>\n<p>Im Zentrum unserer Arbeit steht das Wohlbefinden der Kinder. Wir sehen jedes Kind als eigenst\u00e4ndiges Individuum und begleiten es ein St\u00fcck auf dem Weg in ein eigenst\u00e4ndiges Leben &#8211; mit viel sozialer Kompetenz.<\/p>\n<p>Empathie, Respekt, Toleranz und Wertsch\u00e4tzung geh\u00f6ren zu unseren Grundwerten welche wir<br \/>\ndurch eine interessens- und bed\u00fcrfnisorientierte Alltagsgestaltung unterst\u00fctzen.<\/p>\n<p><strong>Br\u00fccken Bauen<\/strong><\/p>\n<p>Ein Kinderlachen weckt Erinnerungen aus vergangerner Zeit. Es war einmal ein Projekt und ist heute fester Betandteil unseres Alltags. Ein bis zwei Mal im Monat (nur MIttwochs) besuchen wir die Bewohner des Martinzentrum- Wohnen im Alter in Thun. Die Nachmittage sind gef\u00fcllt mit Singen, Malen, Backen und zusammen sein. F\u00fcr beide Seiten sind diese Stunden eine Bereicherung.<\/p>\n<p><strong>Ern\u00e4hrung<\/strong><\/p>\n<p>Ab April 2025 wird unser Mittagessen von A Table geliefert. Die Zwischenmahlzeiten werden von uns zubereitet. Wir beziehen unsere Fr\u00fcchte und unser Gem\u00fcse von BioRiem mein Biobauer in Kirchdorf. Beim Einkaufen achten wir auf Nachhaltigkeit und Saison. Im Sommer bepflanzen wir mit den Kindern unsere Hochbeete im Garten und erleben gemeinsam die Entwicklung vom Samen zur Pflanze, die wir dann gemeinsam Essen k\u00f6nnen.<\/p>\n","protected":false},"excerpt":{"rendered":"<p>Unser Standort in Thun befindet sich im ruhigen Sch\u00f6nauquartier in unmittelbarer N\u00e4he der Sch\u00f6nau Schule Thun. Wir befinden uns in einem Reihenhaus mit grossem Garten. T\u00e4glich von 6.45 &#8211; 18.30 Uhr betreuen wir 24 Kinder im Alter von drei Monaten bis sieben Jahren. F\u00f6rderung fr\u00fche Kindheit Im Zentrum unserer Arbeit steht das Wohlbefinden der Kinder. [&hellip;]<\/p>\n","protected":false},"author":1,"featured_media":0,"parent":0,"menu_order":5,"comment_status":"closed","ping_status":"closed","template":"","meta":{"site-container-style":"default","site-container-layout":"default","site-sidebar-layout":"default","site-transparent-header":"default","disable-article-header":"default","disable-site-header":"default","disable-site-footer":"default","disable-content-area-spacing":"default","footnotes":""},"class_list":["post-77","page","type-page","status-publish","hentry"],"_links":{"self":[{"href":"http:\/\/www.kitalina.ch\/index.php?rest_route=\/wp\/v2\/pages\/77","targetHints":{"allow":["GET"]}}],"collection":[{"href":"http:\/\/www.kitalina.ch\/index.php?rest_route=\/wp\/v2\/pages"}],"about":[{"href":"http:\/\/www.kitalina.ch\/index.php?rest_route=\/wp\/v2\/types\/page"}],"author":[{"embeddable":true,"href":"http:\/\/www.kitalina.ch\/index.php?rest_route=\/wp\/v2\/users\/1"}],"replies":[{"embeddable":true,"href":"http:\/\/www.kitalina.ch\/index.php?rest_route=%2Fwp%2Fv2%2Fcomments&post=77"}],"version-history":[{"count":12,"href":"http:\/\/www.kitalina.ch\/index.php?rest_route=\/wp\/v2\/pages\/77\/revisions"}],"predecessor-version":[{"id":675,"href":"http:\/\/www.kitalina.ch\/index.php?rest_route=\/wp\/v2\/pages\/77\/revisions\/675"}],"wp:attachment":[{"href":"http:\/\/www.kitalina.ch\/index.php?rest_route=%2Fwp%2Fv2%2Fmedia&parent=77"}],"curies":[{"name":"wp","href":"https:\/\/api.w.org\/{rel}","templated":true}]}}