{"id":66,"date":"2014-01-20T15:19:54","date_gmt":"2014-01-20T13:19:54","guid":{"rendered":"http:\/\/kitalina.bplaced.net\/wordpress\/?page_id=66"},"modified":"2026-02-09T14:30:04","modified_gmt":"2026-02-09T14:30:04","slug":"tagesablauf","status":"publish","type":"page","link":"https:\/\/www.kitalina.ch\/?page_id=66","title":{"rendered":"Wattenwil"},"content":{"rendered":"<p>Im August 2025 hat die Kitalina in Wattenwil einen weiteren Standort beim Schulhaus Hagen er\u00f6ffnet. Die neu gebauten R\u00e4umlichkeiten sind auf die Bed\u00fcrfnisse der Kinder angepasst und bieten Platz f\u00fcr eine Gruppe von 15 Kindern pro Tag. Wir haben noch freie Pl\u00e4tze und bieten bei Interesse gerne eine Besichtigung an.<\/p>\n<p>Kontakt:<\/p>\n<p>Standortleitung Aline Mischler<\/p>\n<p>Hagenstrasse 2, 3665 Wattenwil<\/p>\n<p>Telefon: 033 359 59 01<\/p>\n<p>Mail: kitalina.wattenwil@gmail.com<\/p>\n","protected":false},"excerpt":{"rendered":"<p>Im August 2025 hat die Kitalina in Wattenwil einen weiteren Standort beim Schulhaus Hagen er\u00f6ffnet. Die neu gebauten R\u00e4umlichkeiten sind auf die Bed\u00fcrfnisse der Kinder angepasst und bieten Platz f\u00fcr eine Gruppe von 15 Kindern pro Tag. Wir haben noch freie Pl\u00e4tze und bieten bei Interesse gerne eine Besichtigung an. Kontakt: Standortleitung Aline Mischler Hagenstrasse [&hellip;]<\/p>\n","protected":false},"author":1,"featured_media":0,"parent":0,"menu_order":3,"comment_status":"closed","ping_status":"closed","template":"","meta":{"site-container-style":"default","site-container-layout":"default","site-sidebar-layout":"default","site-transparent-header":"default","disable-article-header":"default","disable-site-header":"default","disable-site-footer":"default","disable-content-area-spacing":"default","footnotes":""},"class_list":["post-66","page","type-page","status-publish","hentry"],"_links":{"self":[{"href":"https:\/\/www.kitalina.ch\/index.php?rest_route=\/wp\/v2\/pages\/66","targetHints":{"allow":["GET"]}}],"collection":[{"href":"https:\/\/www.kitalina.ch\/index.php?rest_route=\/wp\/v2\/pages"}],"about":[{"href":"https:\/\/www.kitalina.ch\/index.php?rest_route=\/wp\/v2\/types\/page"}],"author":[{"embeddable":true,"href":"https:\/\/www.kitalina.ch\/index.php?rest_route=\/wp\/v2\/users\/1"}],"replies":[{"embeddable":true,"href":"https:\/\/www.kitalina.ch\/index.php?rest_route=%2Fwp%2Fv2%2Fcomments&post=66"}],"version-history":[{"count":14,"href":"https:\/\/www.kitalina.ch\/index.php?rest_route=\/wp\/v2\/pages\/66\/revisions"}],"predecessor-version":[{"id":683,"href":"https:\/\/www.kitalina.ch\/index.php?rest_route=\/wp\/v2\/pages\/66\/revisions\/683"}],"wp:attachment":[{"href":"https:\/\/www.kitalina.ch\/index.php?rest_route=%2Fwp%2Fv2%2Fmedia&parent=66"}],"curies":[{"name":"wp","href":"https:\/\/api.w.org\/{rel}","templated":true}]}}